{"id":465,"date":"2026-05-02T11:39:53","date_gmt":"2026-05-02T09:39:53","guid":{"rendered":"https:\/\/depilhome.hu\/de\/?page_id=465"},"modified":"2026-05-02T11:39:53","modified_gmt":"2026-05-02T09:39:53","slug":"hausordnung","status":"publish","type":"page","link":"https:\/\/depilhome.hu\/de\/hausordnung\/","title":{"rendered":"Hausordnung"},"content":{"rendered":"<h2>Terminvereinbarung<\/h2>\n<p>Wir m\u00f6chten all unseren gesch\u00e4tzten G\u00e4sten maximale \u201eMe-Time\u201c erm\u00f6glichen. Daher bitten wir dich, dich bez\u00fcglich einer Terminvereinbarung \u00fcber die folgenden Kontaktm\u00f6glichkeiten zu informieren:<br \/>\nE-Mail: <a href=\"mailto:info@depilhome.hu\">info@depilhome.hu<\/a><br \/>\nTelefon: <a href=\"tel:+36301601053\">+36 30 160 1053<\/a><br \/>\nPer Nachricht auf Instagram, Facebook<\/p>\n<h2>Beratung und Probebehandlung<\/h2>\n<p>Unsere Behandlungen beginnen beim ersten Termin mit einer kostenlosen Beratung und Probebehandlung. Dabei besprechen wir die ausgew\u00e4hlte Behandlung \/ das Paket sowie alle wichtigen Informationen dazu. Die Behandlungsserie kann wenige Tage nach der Probebehandlung begonnen werden.<\/p>\n<h2>Terminabsage<\/h2>\n<p>Bitte teile uns Terminabsagen mindestens 24 Stunden vor dem vereinbarten Beratungs-\/Behandlungstermin per E-Mail, Telefon oder SMS mit. Bitte beachte, dass bei einer Absage innerhalb von 24 Stunden vor dem Termin die Behandlung leider in Rechnung gestellt wird.<\/p>\n<h2>Kommunikation, Bewertungen<\/h2>\n<p>Frage jederzeit gerne nach und teile uns deine W\u00fcnsche mit. Ehrliche Kommunikation hilft uns dabei, deine Erwartungen bestm\u00f6glich zu erf\u00fcllen. F\u00fcr Bewertungen bedanken wir uns herzlich.<\/p>\n<h2>Parken, Ankunft, Begleitpersonen<\/h2>\n<p>Bitte erscheine p\u00fcnktlich. Falls du dich versp\u00e4test, gib uns bitte Bescheid. Vor dem Salon stehen ausschlie\u00dflich kostenpflichtige Parkpl\u00e4tze zur Verf\u00fcgung, und freie Pl\u00e4tze sind nicht immer vorhanden. Wenn du mit dem Auto kommst, plane bitte gen\u00fcgend Zeit f\u00fcr die Parkplatzsuche ein. Unser Salon ist kinder- und hundefreundlich, wir bitten dich jedoch, wenn m\u00f6glich, mit maximal einer Begleitperson zu kommen und uns dies vorab mitzuteilen.<\/p>\n<h2>Zahlung<\/h2>\n<p>Alle Preise verstehen sich in ungarischen Forint (HUF) inklusive Mehrwertsteuer. Bei uns kannst du bar, mit Bankkarte, mit SZ\u00c9P-Karte sowie mit vom Salon ausgestellten Geschenkgutscheinen bezahlen.<\/p>\n<p><b>Eine R\u00fcckerstattung des Preises f\u00fcr Dienstleistungen und Abonnements\/Pakete ist nicht m\u00f6glich.<\/b><\/p>\n\n","protected":false},"excerpt":{"rendered":"<p>Terminvereinbarung Wir m\u00f6chten all unseren gesch\u00e4tzten G\u00e4sten maximale \u201eMe-Time\u201c erm\u00f6glichen. Daher bitten wir dich, dich bez\u00fcglich einer Terminvereinbarung \u00fcber die folgenden Kontaktm\u00f6glichkeiten zu informieren: E-Mail: info@depilhome.hu Telefon: +36 30 160 1053 Per Nachricht auf Instagram, Facebook Beratung und Probebehandlung Unsere Behandlungen beginnen beim ersten Termin mit einer kostenlosen Beratung und Probebehandlung. Dabei besprechen wir die [&hellip;]<\/p>\n","protected":false},"author":1,"featured_media":0,"parent":0,"menu_order":0,"comment_status":"closed","ping_status":"closed","template":"","meta":{"_acf_changed":false,"footnotes":""},"class_list":["post-465","page","type-page","status-publish","hentry"],"acf":[],"yoast_head":"<!-- This site is optimized with the Yoast SEO plugin v27.5 - https:\/\/yoast.com\/product\/yoast-seo-wordpress\/ -->\n<title>Hausordnung - Depilhome<\/title>\n<meta name=\"robots\" content=\"index, follow, max-snippet:-1, max-image-preview:large, max-video-preview:-1\" \/>\n<link rel=\"canonical\" href=\"https:\/\/depilhome.hu\/de\/hausordnung\/\" \/>\n<meta property=\"og:locale\" content=\"de_DE\" \/>\n<meta property=\"og:type\" content=\"article\" \/>\n<meta property=\"og:title\" content=\"Hausordnung - Depilhome\" \/>\n<meta property=\"og:description\" content=\"Terminvereinbarung Wir m\u00f6chten all unseren gesch\u00e4tzten G\u00e4sten maximale \u201eMe-Time\u201c erm\u00f6glichen. Daher bitten wir dich, dich bez\u00fcglich einer Terminvereinbarung \u00fcber die folgenden Kontaktm\u00f6glichkeiten zu informieren: E-Mail: info@depilhome.hu Telefon: +36 30 160 1053 Per Nachricht auf Instagram, Facebook Beratung und Probebehandlung Unsere Behandlungen beginnen beim ersten Termin mit einer kostenlosen Beratung und Probebehandlung. Dabei besprechen wir die [&hellip;]\" \/>\n<meta property=\"og:url\" content=\"https:\/\/depilhome.hu\/de\/hausordnung\/\" \/>\n<meta property=\"og:site_name\" content=\"Depilhome\" \/>\n<meta name=\"twitter:card\" content=\"summary_large_image\" \/>\n<meta name=\"twitter:label1\" content=\"Gesch\u00e4tzte Lesezeit\" \/>\n\t<meta name=\"twitter:data1\" content=\"2\u00a0Minuten\" \/>\n<script type=\"application\/ld+json\" class=\"yoast-schema-graph\">{\"@context\":\"https:\\\/\\\/schema.org\",\"@graph\":[{\"@type\":\"WebPage\",\"@id\":\"https:\\\/\\\/depilhome.hu\\\/de\\\/hausordnung\\\/\",\"url\":\"https:\\\/\\\/depilhome.hu\\\/de\\\/hausordnung\\\/\",\"name\":\"Hausordnung - Depilhome\",\"isPartOf\":{\"@id\":\"https:\\\/\\\/depilhome.hu\\\/de\\\/#website\"},\"datePublished\":\"2026-05-02T09:39:53+00:00\",\"breadcrumb\":{\"@id\":\"https:\\\/\\\/depilhome.hu\\\/de\\\/hausordnung\\\/#breadcrumb\"},\"inLanguage\":\"de\",\"potentialAction\":[{\"@type\":\"ReadAction\",\"target\":[\"https:\\\/\\\/depilhome.hu\\\/de\\\/hausordnung\\\/\"]}]},{\"@type\":\"BreadcrumbList\",\"@id\":\"https:\\\/\\\/depilhome.hu\\\/de\\\/hausordnung\\\/#breadcrumb\",\"itemListElement\":[{\"@type\":\"ListItem\",\"position\":1,\"name\":\"Home\",\"item\":\"https:\\\/\\\/depilhome.hu\\\/de\\\/\"},{\"@type\":\"ListItem\",\"position\":2,\"name\":\"Hausordnung\"}]},{\"@type\":\"WebSite\",\"@id\":\"https:\\\/\\\/depilhome.hu\\\/de\\\/#website\",\"url\":\"https:\\\/\\\/depilhome.hu\\\/de\\\/\",\"name\":\"Depilhome\",\"description\":\"\",\"potentialAction\":[{\"@type\":\"SearchAction\",\"target\":{\"@type\":\"EntryPoint\",\"urlTemplate\":\"https:\\\/\\\/depilhome.hu\\\/de\\\/?s={search_term_string}\"},\"query-input\":{\"@type\":\"PropertyValueSpecification\",\"valueRequired\":true,\"valueName\":\"search_term_string\"}}],\"inLanguage\":\"de\"}]}<\/script>\n<!-- \/ Yoast SEO plugin. -->","yoast_head_json":{"title":"Hausordnung - Depilhome","robots":{"index":"index","follow":"follow","max-snippet":"max-snippet:-1","max-image-preview":"max-image-preview:large","max-video-preview":"max-video-preview:-1"},"canonical":"https:\/\/depilhome.hu\/de\/hausordnung\/","og_locale":"de_DE","og_type":"article","og_title":"Hausordnung - Depilhome","og_description":"Terminvereinbarung Wir m\u00f6chten all unseren gesch\u00e4tzten G\u00e4sten maximale \u201eMe-Time\u201c erm\u00f6glichen. Daher bitten wir dich, dich bez\u00fcglich einer Terminvereinbarung \u00fcber die folgenden Kontaktm\u00f6glichkeiten zu informieren: E-Mail: info@depilhome.hu Telefon: +36 30 160 1053 Per Nachricht auf Instagram, Facebook Beratung und Probebehandlung Unsere Behandlungen beginnen beim ersten Termin mit einer kostenlosen Beratung und Probebehandlung. Dabei besprechen wir die [&hellip;]","og_url":"https:\/\/depilhome.hu\/de\/hausordnung\/","og_site_name":"Depilhome","twitter_card":"summary_large_image","twitter_misc":{"Gesch\u00e4tzte Lesezeit":"2\u00a0Minuten"},"schema":{"@context":"https:\/\/schema.org","@graph":[{"@type":"WebPage","@id":"https:\/\/depilhome.hu\/de\/hausordnung\/","url":"https:\/\/depilhome.hu\/de\/hausordnung\/","name":"Hausordnung - Depilhome","isPartOf":{"@id":"https:\/\/depilhome.hu\/de\/#website"},"datePublished":"2026-05-02T09:39:53+00:00","breadcrumb":{"@id":"https:\/\/depilhome.hu\/de\/hausordnung\/#breadcrumb"},"inLanguage":"de","potentialAction":[{"@type":"ReadAction","target":["https:\/\/depilhome.hu\/de\/hausordnung\/"]}]},{"@type":"BreadcrumbList","@id":"https:\/\/depilhome.hu\/de\/hausordnung\/#breadcrumb","itemListElement":[{"@type":"ListItem","position":1,"name":"Home","item":"https:\/\/depilhome.hu\/de\/"},{"@type":"ListItem","position":2,"name":"Hausordnung"}]},{"@type":"WebSite","@id":"https:\/\/depilhome.hu\/de\/#website","url":"https:\/\/depilhome.hu\/de\/","name":"Depilhome","description":"","potentialAction":[{"@type":"SearchAction","target":{"@type":"EntryPoint","urlTemplate":"https:\/\/depilhome.hu\/de\/?s={search_term_string}"},"query-input":{"@type":"PropertyValueSpecification","valueRequired":true,"valueName":"search_term_string"}}],"inLanguage":"de"}]}},"_links":{"self":[{"href":"https:\/\/depilhome.hu\/de\/wp-json\/wp\/v2\/pages\/465","targetHints":{"allow":["GET"]}}],"collection":[{"href":"https:\/\/depilhome.hu\/de\/wp-json\/wp\/v2\/pages"}],"about":[{"href":"https:\/\/depilhome.hu\/de\/wp-json\/wp\/v2\/types\/page"}],"author":[{"embeddable":true,"href":"https:\/\/depilhome.hu\/de\/wp-json\/wp\/v2\/users\/1"}],"replies":[{"embeddable":true,"href":"https:\/\/depilhome.hu\/de\/wp-json\/wp\/v2\/comments?post=465"}],"version-history":[{"count":1,"href":"https:\/\/depilhome.hu\/de\/wp-json\/wp\/v2\/pages\/465\/revisions"}],"predecessor-version":[{"id":466,"href":"https:\/\/depilhome.hu\/de\/wp-json\/wp\/v2\/pages\/465\/revisions\/466"}],"wp:attachment":[{"href":"https:\/\/depilhome.hu\/de\/wp-json\/wp\/v2\/media?parent=465"}],"curies":[{"name":"wp","href":"https:\/\/api.w.org\/{rel}","templated":true}]}}